
{"id":36078,"date":"2024-02-22T09:11:40","date_gmt":"2024-02-22T09:11:40","guid":{"rendered":"https:\/\/we-webdesign.cloud\/digital-media-tech\/?page_id=36078"},"modified":"2026-02-19T12:21:23","modified_gmt":"2026-02-19T11:21:23","slug":"kontaktieren-sie-uns","status":"publish","type":"page","link":"https:\/\/digital-media-tech.com\/de\/contact-us\/","title":{"rendered":"Kontakt"},"content":{"rendered":"<div data-elementor-type=\"wp-page\" data-elementor-id=\"36078\" class=\"elementor elementor-36078\" data-elementor-post-type=\"page\">\n\t\t\t\t\t\t<section class=\"elementor-section elementor-top-section elementor-element elementor-element-16f4b08 elementor-section-boxed elementor-section-height-default elementor-section-height-default sc_fly_static\" data-id=\"16f4b08\" data-element_type=\"section\" data-e-type=\"section\" data-settings=\"{&quot;background_background&quot;:&quot;classic&quot;}\">\n\t\t\t\t\t\t<div class=\"elementor-container elementor-column-gap-no\">\n\t\t\t\t\t<div class=\"elementor-column elementor-col-100 elementor-top-column elementor-element elementor-element-080361c sc_content_align_inherit sc_layouts_column_icons_position_left sc_fly_static\" data-id=\"080361c\" data-element_type=\"column\" data-e-type=\"column\">\n\t\t\t<div class=\"elementor-widget-wrap elementor-element-populated\">\n\t\t\t\t\t\t<div class=\"elementor-element elementor-element-d53e9f9 sc_height_huge sc_fly_static elementor-widget elementor-widget-spacer\" data-id=\"d53e9f9\" data-element_type=\"widget\" data-e-type=\"widget\" data-widget_type=\"spacer.default\">\n\t\t\t\t\t\t\t<div class=\"elementor-spacer\">\n\t\t\t<div class=\"elementor-spacer-inner\"><\/div>\n\t\t<\/div>\n\t\t\t\t\t\t<\/div>\n\t\t\t\t<section class=\"elementor-section elementor-inner-section elementor-element elementor-element-eb86041 elementor-section-boxed elementor-section-height-default elementor-section-height-default sc_fly_static\" data-id=\"eb86041\" data-element_type=\"section\" data-e-type=\"section\">\n\t\t\t\t\t\t<div class=\"elementor-container elementor-column-gap-no\">\n\t\t\t\t\t<div class=\"elementor-column elementor-col-50 elementor-inner-column elementor-element elementor-element-fce0b24 sc_content_align_inherit sc_layouts_column_icons_position_left sc_fly_static\" data-id=\"fce0b24\" data-element_type=\"column\" data-e-type=\"column\">\n\t\t\t<div class=\"elementor-widget-wrap elementor-element-populated\">\n\t\t\t\t\t\t<div class=\"elementor-element elementor-element-7df8eed sc_fly_static elementor-widget elementor-widget-trx_sc_title\" data-id=\"7df8eed\" data-element_type=\"widget\" data-e-type=\"widget\" data-widget_type=\"trx_sc_title.default\">\n\t\t\t\t<div class=\"elementor-widget-container\">\n\t\t\t\t\t<div\t\tclass=\"sc_title sc_title_default\" ><span class=\"sc_item_subtitle sc_title_subtitle sc_item_subtitle_above sc_item_title_style_default\">Kontakt<\/span><h2 class=\"sc_item_title sc_title_title sc_item_title_style_default sc_item_title_tag\"\n\t\t\t><span class=\"sc_item_title_text\">Sie haben Fragen? <br>Kontaktieren Sie uns!<\/span><\/h2><div class=\"sc_item_descr sc_title_descr\"><p>Ein Projekt geplant? Lassen Sie uns Ihre Bilder perfektionieren, melden Sie sich gern bei uns.<\/p>\n<\/div><\/div>\t\t\t\t<\/div>\n\t\t\t\t<\/div>\n\t\t\t\t<div class=\"elementor-element elementor-element-c554c08 sc_fly_static elementor-widget elementor-widget-spacer\" data-id=\"c554c08\" data-element_type=\"widget\" data-e-type=\"widget\" data-widget_type=\"spacer.default\">\n\t\t\t\t\t\t\t<div class=\"elementor-spacer\">\n\t\t\t<div class=\"elementor-spacer-inner\"><\/div>\n\t\t<\/div>\n\t\t\t\t\t\t<\/div>\n\t\t\t\t<div class=\"elementor-element elementor-element-322d2b1 sc_fly_static elementor-widget elementor-widget-trx_sc_icons\" data-id=\"322d2b1\" data-element_type=\"widget\" data-e-type=\"widget\" data-widget_type=\"trx_sc_icons.default\">\n\t\t\t\t<div class=\"elementor-widget-container\">\n\t\t\t\t\t<div \tclass=\"sc_icons sc_icons_simple sc_icons_size_small sc_align_none\" ><div class=\"sc_icons_item with_more\"><div class=\"sc_icons_icon sc_icon_type_ icon-marker\" style=\"color: #2A489B\" ><span class=\"sc_icon_type_ icon-marker\" style=\"color: #2A489B\"><\/span><\/div><div class=\"sc_icons_item_details\"><div class=\"sc_icons_item_description\"><span>GROUP D.M.T CO., LTD.<\/span><span>1091\/ 173-174 S.Group Building, 5. Stock, (Einheit Nr. 502)<\/span><span>New Petchburi, Makkasan, Rajthevee, <\/span><span>Bangkok, 10400 Thailand<\/span><\/div><\/div><\/div><div class=\"sc_icons_item sc_icons_item_linked with_more\"><div class=\"sc_icons_icon sc_icon_type_ icon-iphone\" style=\"color: #2A489B\" ><span class=\"sc_icon_type_ icon-iphone\" style=\"color: #2A489B\"><\/span><\/div><div class=\"sc_icons_item_details\"><a href=\"tel:+49071195338686\" class=\"sc_icons_item_more_link\">\n                        <span class=\"link_text\">+49(0)711 95338686<\/span><span class=\"link_icon\"><\/span>\n                        <\/a><a href=\"tel:+49071195338686\"\n                        class=\"sc_icons_item_link\">\n                        <\/a><\/div><\/div><div class=\"sc_icons_item with_more\"><div class=\"sc_icons_icon sc_icon_type_ icon-envelope-2\" style=\"color: #2A489B\" ><span class=\"sc_icon_type_ icon-envelope-2\" style=\"color: #2A489B\"><\/span><\/div><div class=\"sc_icons_item_details\"><div class=\"sc_icons_item_description\"><span><a href=\"mailto:sales@digital-media-tech.com\">sales@digital-media-tech.com<\/a><\/span><\/div><\/div><\/div><\/div><!-- \/.sc_icons -->\t\t\t\t<\/div>\n\t\t\t\t<\/div>\n\t\t\t\t\t<\/div>\n\t\t<\/div>\n\t\t\t\t<div class=\"elementor-column elementor-col-50 elementor-inner-column elementor-element elementor-element-3f13bb9 sc_content_align_inherit sc_layouts_column_icons_position_left sc_fly_static\" data-id=\"3f13bb9\" data-element_type=\"column\" data-e-type=\"column\">\n\t\t\t<div class=\"elementor-widget-wrap elementor-element-populated\">\n\t\t\t\t\t\t<div class=\"elementor-element elementor-element-5cdc96a sc_fly_static elementor-widget elementor-widget-spacer\" data-id=\"5cdc96a\" data-element_type=\"widget\" data-e-type=\"widget\" data-widget_type=\"spacer.default\">\n\t\t\t\t\t\t\t<div class=\"elementor-spacer\">\n\t\t\t<div class=\"elementor-spacer-inner\"><\/div>\n\t\t<\/div>\n\t\t\t\t\t\t<\/div>\n\t\t\t\t<div class=\"elementor-element elementor-element-1ea9e72 sc_fly_static elementor-widget elementor-widget-shortcode\" data-id=\"1ea9e72\" data-element_type=\"widget\" data-e-type=\"widget\" data-widget_type=\"shortcode.default\">\n\t\t\t\t\t\t\t<div class=\"elementor-shortcode\"><div class=\"forminator-ui forminator-custom-form forminator-custom-form-41544 forminator-design--material forminator-custom forminator_ajax\" data-forminator-render=\"0\" data-form=\"forminator-module-41544\" data-uid=\"69e8ac1088995\"><br\/><\/div><form\n\t\t\t\tid=\"forminator-module-41544\"\n\t\t\t\tclass=\"forminator-ui forminator-custom-form forminator-custom-form-41544 forminator-design--material forminator-custom forminator_ajax\"\n\t\t\t\tmethod=\"post\"\n\t\t\t\tdata-forminator-render=\"0\"\n\t\t\t\tdata-form-id=\"41544\"\n\t\t\t\tenctype=\"multipart\/form-data\" data-color-option=\"theme\" data-design=\"material\" data-grid=\"custom\" style=\"display: none;\"\n\t\t\t\tdata-uid=\"69e8ac1088995\" action=\"\"\n\t\t\t><div role=\"alert\" aria-live=\"polite\" class=\"forminator-response-message forminator-error\" aria-hidden=\"true\"><\/div><div class=\"forminator-row\"><div id=\"name-1\" class=\"forminator-field-name forminator-col forminator-col-6\"><div class=\"forminator-field\"><label for=\"forminator-field-name-1_69e8ac1088995\" id=\"forminator-field-name-1_69e8ac1088995-label\" class=\"forminator-label\">Name <span class=\"forminator-required\">*<\/span><\/label><input type=\"text\" name=\"name-1\" value=\"\" placeholder=\"\" id=\"forminator-field-name-1_69e8ac1088995\" class=\"forminator-input forminator-name--field\" aria-required=\"true\" autocomplete=\"name\" \/><\/div><\/div><div id=\"email-1\" class=\"forminator-field-email forminator-col forminator-col-6\"><div class=\"forminator-field\"><label for=\"forminator-field-email-1_69e8ac1088995\" id=\"forminator-field-email-1_69e8ac1088995-label\" class=\"forminator-label\">E-Mail Adresse <span class=\"forminator-required\">*<\/span><\/label><input type=\"email\" name=\"email-1\" value=\"\" placeholder=\"\" id=\"forminator-field-email-1_69e8ac1088995\" class=\"forminator-input forminator-email--field\" data-required=\"true\" aria-required=\"true\" autocomplete=\"email\" \/><\/div><\/div><\/div><div class=\"forminator-row\"><div id=\"select-1\" class=\"forminator-field-select forminator-col forminator-col-6\"><div class=\"forminator-field\"><label for=\"forminator-form-41544__field--select-1_69e8ac1088995\" id=\"forminator-form-41544__field--select-1_69e8ac1088995-label\" class=\"forminator-label\">Privat oder Unternehmen <span class=\"forminator-required\">*<\/span><\/label><select  id=\"forminator-form-41544__field--select-1_69e8ac1088995\" class=\"forminator-select--field forminator-select2 forminator-select2-multiple\" data-required=\"1\" name=\"select-1\" data-default-value=\"\" data-hidden-behavior=\"zero\" data-placeholder=\"Bitte w\u00e4hle eine Option aus\" data-search=\"false\" data-search-placeholder=\"Bitte w\u00e4hle eine Option aus\" data-checkbox=\"false\" data-allow-clear=\"false\" aria-labelledby=\"forminator-form-41544__field--select-1_69e8ac1088995-label\"><option value=\"\"  >Bitte w\u00e4hlen Sie eine Option aus<\/option><option value=\"one\"  data-calculation=\"0\">Privat<\/option><option value=\"two\"  data-calculation=\"0\">Unternehmen<\/option><\/select><\/div><\/div><div id=\"name-2\" class=\"forminator-field-name forminator-col forminator-col-6\"><div class=\"forminator-field\"><label for=\"forminator-field-name-2_69e8ac1088995\" id=\"forminator-field-name-2_69e8ac1088995-label\" class=\"forminator-label\">Name des Unternehmens<\/label><input type=\"text\" name=\"name-2\" value=\"\" placeholder=\"\" id=\"forminator-field-name-2_69e8ac1088995\" class=\"forminator-input forminator-name--field\" aria-required=\"false\" autocomplete=\"name\" \/><\/div><\/div><\/div><div class=\"forminator-row\"><div id=\"phone-1\" class=\"forminator-field-phone forminator-col forminator-col-12\"><div class=\"forminator-field\"><label for=\"forminator-field-phone-1_69e8ac1088995\" id=\"forminator-field-phone-1_69e8ac1088995-label\" class=\"forminator-label\">Rufnummer <span class=\"forminator-required\">*<\/span><\/label><input type=\"text\" name=\"phone-1\" value=\"\" placeholder=\"\" id=\"forminator-field-phone-1_69e8ac1088995\" class=\"forminator-input forminator-field--phone\" data-required=\"1\" aria-required=\"true\" autocomplete=\"off\" \/><\/div><\/div><\/div><div class=\"forminator-row\"><div id=\"textarea-1\" class=\"forminator-field-textarea forminator-col forminator-col-12\"><div class=\"forminator-field\"><label for=\"forminator-field-textarea-1_69e8ac1088995\" id=\"forminator-field-textarea-1_69e8ac1088995-label\" class=\"forminator-label\">Nachricht<\/label><span id=\"forminator-field-textarea-1_69e8ac1088995-description\" class=\"forminator-description\"><span data-limit=\"180\" data-type=\"characters\" data-editor=\"\">0 \/ 180<\/span><\/span><textarea name=\"textarea-1\" placeholder=\"\" id=\"forminator-field-textarea-1_69e8ac1088995\" class=\"forminator-textarea\" rows=\"6\" style=\"min-height:140px;\" maxlength=\"180\" ><\/textarea><\/div><\/div><\/div><div class=\"forminator-row\"><div id=\"upload-1\" class=\"forminator-field-upload forminator-col forminator-col-12\"><div class=\"forminator-field\"><label for=\"forminator-field-upload-1_69e8ac1088995\" id=\"forminator-field-upload-1_69e8ac1088995-label\" class=\"forminator-label\">Datei hochladen<\/label><div class=\"forminator-multi-upload\" data-element=\"upload-1_69e8ac1088995\"><input type=\"file\" name=\"upload-1[]\" id=\"forminator-field-upload-1_69e8ac1088995\" class=\"forminator-input-file forminator-field-upload-1_69e8ac1088995-41544\" multiple=\"multiple\" data-method=\"ajax\" data-size=\"8000000\" data-size-message=\"Die maximale Dateigr\u00f6\u00dfe betr\u00e4gt 8 MB. \"><div class=\"forminator-multi-upload-message\" aria-hidden=\"true\"><span class=\"forminator-icon-upload\" aria-hidden=\"true\"><\/span><p>Ziehen und Ablegen (oder) <a class=\"forminator-upload-file--forminator-field-upload-1_69e8ac1088995\" href=\"#\" onclick=\"return false;\">W\u00e4hle Dateien<\/a><\/p><\/div><\/div><ul class=\"forminator-uploaded-files upload-container-upload-1_69e8ac1088995\"><\/ul><\/div><\/div><\/div><div class=\"forminator-row\"><div id=\"captcha-1\" class=\"forminator-field-captcha forminator-col forminator-col-12\"><div class=\"forminator-captcha-left forminator-turnstile\" data-theme=\"light\" data-language=\"de-de\" data-sitekey=\"0x4AAAAAACsEC73Pkxt0XgwY\" data-size=\"normal\"><\/div> <\/div><\/div><input type=\"hidden\" name=\"referer_url\" value=\"\" \/><div class=\"forminator-row forminator-row-last\"><div class=\"forminator-col\"><div class=\"forminator-field\"><button class=\"forminator-button forminator-button-submit\"><span>Senden<\/span><span aria-hidden=\"true\"><\/span><\/button><\/div><\/div><\/div><input type=\"hidden\" id=\"forminator_nonce\" name=\"forminator_nonce\" value=\"ace62a2412\" \/><input type=\"hidden\" name=\"_wp_http_referer\" value=\"\/de\/wp-json\/wp\/v2\/pages\/36078\" \/><input type=\"hidden\" name=\"form_id\" value=\"41544\"><input type=\"hidden\" name=\"page_id\" value=\"36078\"><input type=\"hidden\" name=\"form_type\" value=\"default\"><input type=\"hidden\" name=\"current_url\" value=\"https:\/\/digital-media-tech.com\/de\/contact-us\/\"><input type=\"hidden\" name=\"render_id\" value=\"0\"><input type=\"hidden\" name=\"forminator-multifile-hidden\" class=\"forminator-multifile-hidden\"><input type=\"hidden\" name=\"action\" value=\"forminator_submit_form_custom-forms\"><input type=\"hidden\" name=\"trp-form-language\" value=\"de\"\/><\/form><\/div>\n\t\t\t\t\t\t<\/div>\n\t\t\t\t\t<\/div>\n\t\t<\/div>\n\t\t\t\t\t<\/div>\n\t\t<\/section>\n\t\t\t\t<div class=\"elementor-element elementor-element-8715148 sc_height_huge sc_fly_static elementor-widget elementor-widget-spacer\" data-id=\"8715148\" data-element_type=\"widget\" data-e-type=\"widget\" data-widget_type=\"spacer.default\">\n\t\t\t\t\t\t\t<div class=\"elementor-spacer\">\n\t\t\t<div class=\"elementor-spacer-inner\"><\/div>\n\t\t<\/div>\n\t\t\t\t\t\t<\/div>\n\t\t\t\t\t<\/div>\n\t\t<\/div>\n\t\t\t\t\t<\/div>\n\t\t<\/section>\n\t\t\t\t<section class=\"elementor-section elementor-top-section elementor-element elementor-element-5f3a6d2 elementor-section-full_width elementor-section-height-default elementor-section-height-default sc_fly_static\" data-id=\"5f3a6d2\" data-element_type=\"section\" data-e-type=\"section\">\n\t\t\t\t\t\t<div class=\"elementor-container elementor-column-gap-no\">\n\t\t\t\t\t<div class=\"elementor-column elementor-col-100 elementor-top-column elementor-element elementor-element-8249120 sc_content_align_inherit sc_layouts_column_icons_position_left sc_fly_static\" data-id=\"8249120\" data-element_type=\"column\" data-e-type=\"column\">\n\t\t\t<div class=\"elementor-widget-wrap elementor-element-populated\">\n\t\t\t\t\t\t<div class=\"elementor-element elementor-element-584d7b0 sc_fly_static elementor-widget elementor-widget-trx_sc_googlemap\" data-id=\"584d7b0\" data-element_type=\"widget\" data-e-type=\"widget\" data-widget_type=\"trx_sc_googlemap.default\">\n\t\t\t\t<div class=\"elementor-widget-container\">\n\t\t\t\t\t<div id=\"sc_googlemap_477434480_wrap\" class=\"sc_googlemap_wrap\"><div id=\"sc_googlemap_477434480\"\t\t\tclass=\"sc_item_content sc_map sc_googlemap sc_googlemap_default trx_addons_inline_721471356\"\n\t\t\t \t\t\tdata-zoom=\"16\"\n\t\t\tdata-center=\"\"\n\t\t\tdata-style=\"extra\"\n\t\t\tdata-map-id=\"\"\n\t\t\tdata-cluster-icon=\"\"\n\t\t\t><iframe\n\t\t\t\t\t\tsrc=\"https:\/\/maps.google.com\/maps?t=m&output=embed&iwloc=near&z=16&q=13.7625%2C+100.531\"\n\t\t\t\t\t\taria-label=\"\"><\/iframe><\/div><\/div>\t\t\t\t<\/div>\n\t\t\t\t<\/div>\n\t\t\t\t\t<\/div>\n\t\t<\/div>\n\t\t\t\t\t<\/div>\n\t\t<\/section>\n\t\t\t\t<\/div>","protected":false},"excerpt":{"rendered":"<p>Kontakt Haben Sie Fragen? Kontaktieren Sie uns! Haben Sie ein Projekt im Sinn? Lassen Sie uns Ihre Bilder perfektionieren und nehmen Sie noch heute Kontakt auf. GROUP D.M.T CO., LTD.1091\/ 173-174 S.Group Building...<\/p>","protected":false},"author":1,"featured_media":0,"parent":0,"menu_order":0,"comment_status":"closed","ping_status":"closed","template":"","meta":{"footnotes":""},"class_list":["post-36078","page","type-page","status-publish","hentry"],"yoast_head":"<!-- This site is optimized with the Yoast SEO plugin v27.2 - https:\/\/yoast.com\/product\/yoast-seo-wordpress\/ -->\n<title>Contact Digital Media Tech \u2013 Get in Touch With Our Team<\/title>\n<meta name=\"description\" content=\"Contact Digital Media Tech for professional premedia services, project inquiries, and support. Our global team is here to assist you.\" \/>\n<meta name=\"robots\" content=\"index, follow, max-snippet:-1, max-image-preview:large, max-video-preview:-1\" \/>\n<link rel=\"canonical\" href=\"https:\/\/digital-media-tech.com\/de\/kontaktieren-sie-uns\/\" \/>\n<meta property=\"og:locale\" content=\"de_DE\" \/>\n<meta property=\"og:type\" content=\"article\" \/>\n<meta property=\"og:title\" content=\"Contact Digital Media Tech \u2013 Get in Touch With Our Team\" \/>\n<meta property=\"og:description\" content=\"Contact Digital Media Tech for professional premedia services, project inquiries, and support. Our global team is here to assist you.\" \/>\n<meta property=\"og:url\" content=\"https:\/\/digital-media-tech.com\/de\/kontaktieren-sie-uns\/\" \/>\n<meta property=\"og:site_name\" content=\"Digital Media Tech\" \/>\n<meta property=\"article:modified_time\" content=\"2026-02-19T11:21:23+00:00\" \/>\n<meta name=\"twitter:card\" content=\"summary_large_image\" \/>\n<meta name=\"twitter:label1\" content=\"Gesch\u00e4tzte Lesezeit\" \/>\n\t<meta name=\"twitter:data1\" content=\"1\u00a0Minute\" \/>\n<script type=\"application\/ld+json\" class=\"yoast-schema-graph\">{\"@context\":\"https:\/\/schema.org\",\"@graph\":[{\"@type\":\"WebPage\",\"@id\":\"https:\/\/digital-media-tech.com\/contact-us\/\",\"url\":\"https:\/\/digital-media-tech.com\/contact-us\/\",\"name\":\"Contact Digital Media Tech \u2013 Get in Touch With Our Team\",\"isPartOf\":{\"@id\":\"https:\/\/digital-media-tech.com\/#website\"},\"datePublished\":\"2024-02-22T09:11:40+00:00\",\"dateModified\":\"2026-02-19T11:21:23+00:00\",\"description\":\"Contact Digital Media Tech for professional premedia services, project inquiries, and support. Our global team is here to assist you.\",\"breadcrumb\":{\"@id\":\"https:\/\/digital-media-tech.com\/contact-us\/#breadcrumb\"},\"inLanguage\":\"de\",\"potentialAction\":[{\"@type\":\"ReadAction\",\"target\":[\"https:\/\/digital-media-tech.com\/contact-us\/\"]}]},{\"@type\":\"BreadcrumbList\",\"@id\":\"https:\/\/digital-media-tech.com\/contact-us\/#breadcrumb\",\"itemListElement\":[{\"@type\":\"ListItem\",\"position\":1,\"name\":\"Startseite\",\"item\":\"https:\/\/digital-media-tech.com\/\"},{\"@type\":\"ListItem\",\"position\":2,\"name\":\"Contact Us\"}]},{\"@type\":\"WebSite\",\"@id\":\"https:\/\/digital-media-tech.com\/#website\",\"url\":\"https:\/\/digital-media-tech.com\/\",\"name\":\"Digital Media Tech\",\"description\":\"Professional Image Editing Services\",\"publisher\":{\"@id\":\"https:\/\/digital-media-tech.com\/#organization\"},\"potentialAction\":[{\"@type\":\"SearchAction\",\"target\":{\"@type\":\"EntryPoint\",\"urlTemplate\":\"https:\/\/digital-media-tech.com\/?s={search_term_string}\"},\"query-input\":{\"@type\":\"PropertyValueSpecification\",\"valueRequired\":true,\"valueName\":\"search_term_string\"}}],\"inLanguage\":\"de\"},{\"@type\":\"Organization\",\"@id\":\"https:\/\/digital-media-tech.com\/#organization\",\"name\":\"Digital Media Tech\",\"url\":\"https:\/\/digital-media-tech.com\/\",\"logo\":{\"@type\":\"ImageObject\",\"inLanguage\":\"de\",\"@id\":\"https:\/\/digital-media-tech.com\/#\/schema\/logo\/image\/\",\"url\":\"https:\/\/digital-media-tech.com\/wp-content\/uploads\/2024\/02\/digitalmediatechnology-logo-01.png\",\"contentUrl\":\"https:\/\/digital-media-tech.com\/wp-content\/uploads\/2024\/02\/digitalmediatechnology-logo-01.png\",\"width\":90,\"height\":64,\"caption\":\"Digital Media Tech\"},\"image\":{\"@id\":\"https:\/\/digital-media-tech.com\/#\/schema\/logo\/image\/\"}}]}<\/script>\n<!-- \/ Yoast SEO plugin. -->","yoast_head_json":{"title":"Kontakt zu Digital Media Tech - Nehmen Sie Kontakt mit unserem Team auf","description":"Wenden Sie sich an Digital Media Tech, wenn Sie professionelle Premedia-Dienste, Projektanfragen und Unterst\u00fctzung ben\u00f6tigen. Unser globales Team ist hier, um Sie zu unterst\u00fctzen.","robots":{"index":"index","follow":"follow","max-snippet":"max-snippet:-1","max-image-preview":"max-image-preview:large","max-video-preview":"max-video-preview:-1"},"canonical":"https:\/\/digital-media-tech.com\/de\/kontaktieren-sie-uns\/","og_locale":"de_DE","og_type":"article","og_title":"Contact Digital Media Tech \u2013 Get in Touch With Our Team","og_description":"Contact Digital Media Tech for professional premedia services, project inquiries, and support. Our global team is here to assist you.","og_url":"https:\/\/digital-media-tech.com\/de\/kontaktieren-sie-uns\/","og_site_name":"Digital Media Tech","article_modified_time":"2026-02-19T11:21:23+00:00","twitter_card":"summary_large_image","twitter_misc":{"Gesch\u00e4tzte Lesezeit":"1\u00a0Minute"},"schema":{"@context":"https:\/\/schema.org","@graph":[{"@type":"WebPage","@id":"https:\/\/digital-media-tech.com\/contact-us\/","url":"https:\/\/digital-media-tech.com\/contact-us\/","name":"Kontakt zu Digital Media Tech - Nehmen Sie Kontakt mit unserem Team auf","isPartOf":{"@id":"https:\/\/digital-media-tech.com\/#website"},"datePublished":"2024-02-22T09:11:40+00:00","dateModified":"2026-02-19T11:21:23+00:00","description":"Wenden Sie sich an Digital Media Tech, wenn Sie professionelle Premedia-Dienste, Projektanfragen und Unterst\u00fctzung ben\u00f6tigen. Unser globales Team ist hier, um Sie zu unterst\u00fctzen.","breadcrumb":{"@id":"https:\/\/digital-media-tech.com\/contact-us\/#breadcrumb"},"inLanguage":"de","potentialAction":[{"@type":"ReadAction","target":["https:\/\/digital-media-tech.com\/contact-us\/"]}]},{"@type":"BreadcrumbList","@id":"https:\/\/digital-media-tech.com\/contact-us\/#breadcrumb","itemListElement":[{"@type":"ListItem","position":1,"name":"Startseite","item":"https:\/\/digital-media-tech.com\/"},{"@type":"ListItem","position":2,"name":"Contact Us"}]},{"@type":"WebSite","@id":"https:\/\/digital-media-tech.com\/#website","url":"https:\/\/digital-media-tech.com\/","name":"Digital Media Tech","description":"Professionelle Bildbearbeitungsdienste","publisher":{"@id":"https:\/\/digital-media-tech.com\/#organization"},"potentialAction":[{"@type":"SearchAction","target":{"@type":"EntryPoint","urlTemplate":"https:\/\/digital-media-tech.com\/?s={search_term_string}"},"query-input":{"@type":"PropertyValueSpecification","valueRequired":true,"valueName":"search_term_string"}}],"inLanguage":"de"},{"@type":"Organization","@id":"https:\/\/digital-media-tech.com\/#organization","name":"Digital Media Tech","url":"https:\/\/digital-media-tech.com\/","logo":{"@type":"ImageObject","inLanguage":"de","@id":"https:\/\/digital-media-tech.com\/#\/schema\/logo\/image\/","url":"https:\/\/digital-media-tech.com\/wp-content\/uploads\/2024\/02\/digitalmediatechnology-logo-01.png","contentUrl":"https:\/\/digital-media-tech.com\/wp-content\/uploads\/2024\/02\/digitalmediatechnology-logo-01.png","width":90,"height":64,"caption":"Digital Media Tech"},"image":{"@id":"https:\/\/digital-media-tech.com\/#\/schema\/logo\/image\/"}}]}},"_links":{"self":[{"href":"https:\/\/digital-media-tech.com\/de\/wp-json\/wp\/v2\/pages\/36078","targetHints":{"allow":["GET"]}}],"collection":[{"href":"https:\/\/digital-media-tech.com\/de\/wp-json\/wp\/v2\/pages"}],"about":[{"href":"https:\/\/digital-media-tech.com\/de\/wp-json\/wp\/v2\/types\/page"}],"author":[{"embeddable":true,"href":"https:\/\/digital-media-tech.com\/de\/wp-json\/wp\/v2\/users\/1"}],"replies":[{"embeddable":true,"href":"https:\/\/digital-media-tech.com\/de\/wp-json\/wp\/v2\/comments?post=36078"}],"version-history":[{"count":25,"href":"https:\/\/digital-media-tech.com\/de\/wp-json\/wp\/v2\/pages\/36078\/revisions"}],"predecessor-version":[{"id":42505,"href":"https:\/\/digital-media-tech.com\/de\/wp-json\/wp\/v2\/pages\/36078\/revisions\/42505"}],"wp:attachment":[{"href":"https:\/\/digital-media-tech.com\/de\/wp-json\/wp\/v2\/media?parent=36078"}],"curies":[{"name":"wp","href":"https:\/\/api.w.org\/{rel}","templated":true}]}}