
{"id":41483,"date":"2025-11-20T11:07:19","date_gmt":"2025-11-20T10:07:19","guid":{"rendered":"https:\/\/we-webdesign.cloud\/digital-media-tech\/?page_id=41483"},"modified":"2025-12-11T13:05:24","modified_gmt":"2025-12-11T12:05:24","slug":"allgemeine-geschaftsbedingungen","status":"publish","type":"page","link":"https:\/\/digital-media-tech.com\/de\/allgemeine-geschaeftsbedingungen\/","title":{"rendered":"Bedingungen und Konditionen"},"content":{"rendered":"<div data-elementor-type=\"wp-page\" data-elementor-id=\"41483\" class=\"elementor elementor-41483\" data-elementor-post-type=\"page\">\n\t\t\t\t<div class=\"elementor-element elementor-element-51be6c4 e-flex e-con-boxed sc_layouts_column_icons_position_left e-con e-parent\" data-id=\"51be6c4\" data-element_type=\"container\" data-e-type=\"container\">\n\t\t\t\t\t<div class=\"e-con-inner\">\n\t\t\t\t<div class=\"elementor-element elementor-element-aa6f787 sc_fly_static elementor-widget elementor-widget-text-editor\" data-id=\"aa6f787\" data-element_type=\"widget\" data-e-type=\"widget\" data-widget_type=\"text-editor.default\">\n\t\t\t\t\t\t\t\t\t<h2>Allgemeine Gesch\u00e4ftsbedingungen (AGB)<\/h2><h3>\u00a7 1 Anwendungsbereich<\/h3><p>1. Group D.M.T Co., Ltd., 1091\/ 173-174 S.Group Building 5th Floor, (Unit no.502), New Petchburi, Makkasan, Rajthevee Bangkok 10400, Thailand (nachfolgend \u201cDMT\u201d) bietet auf der Website www.digital-media-tech.com digitale Bildbearbeitungsdienste an. F\u00fcr alle Vertr\u00e4ge, die der Kunde (nachfolgend \u201cKunde\u201d) mit DMT \u00fcber die von DMT angebotenen Dienstleistungen abschlie\u00dft, gelten die nachfolgenden Allgemeinen Gesch\u00e4ftsbedingungen (nachfolgend \u201cAGB\u201d) in der zum Zeitpunkt der Bestellung g\u00fcltigen Fassung.<\/p><p>2. Diese AGB sind Bestandteil eines jeden Vertrages, der, soweit keine besonderen Vereinbarungen getroffen wurden, unter dem Link \u201cAGB\u201d Seite heruntergeladen und ausgedruckt oder gespeichert werden kann.<\/p><p>3. Abweichende Bedingungen des Auftraggebers sowie \u00c4nderungen und Erg\u00e4nzungen dieser Gesch\u00e4ftsbedingungen sind nur g\u00fcltig, wenn sie von DMT schriftlich anerkannt werden. Dies gilt auch dann, wenn dem Gesch\u00e4ft und\/oder der Lieferung des Auftraggebers nicht widersprochen wurde.<\/p><h3>\u00a7 2 Vertragspartner<\/h3><p>Sofern nicht ausdr\u00fccklich anders angegeben, werden Vertr\u00e4ge im Rahmen dieser Allgemeinen Gesch\u00e4ftsbedingungen zwischen dem Kunden und der DMT geschlossen.<\/p><h3>\u00a7 3 Registrierung<\/h3><p>1. Voraussetzung f\u00fcr eine Bestellung ist die vorherige Registrierung des Kunden auf der Website www.digital-media-tech.com. Der Kunde hat dabei seine Kontaktdaten, E-Mail-Adresse, Benutzername und Passwort anzugeben. DMT wird den Erhalt der mit Ihren Registrierungsdaten \u00fcbermittelten Informationen per E-Mail an die vom Kunden angegebene E-Mail-Adresse best\u00e4tigen und dem Kunden einen Best\u00e4tigungslink zusenden. Nach der Freischaltung kann der Kunde sein Konto nutzen.<\/p><p>2. Die Eintragung ist nur juristischen und gesch\u00e4ftsf\u00e4higen nat\u00fcrlichen Personen gestattet. Die Person, die die Anmeldung f\u00fcr eine juristische Person vornimmt, muss befugt sein, entsprechende Vertr\u00e4ge abzuschlie\u00dfen.<\/p><p>3. Der Kunde ist verpflichtet, bei seiner Registrierung wahrheitsgem\u00e4\u00dfe und vollst\u00e4ndige Angaben zu machen. Er sichert der DMT auch die unverz\u00fcgliche Mitteilung von \u00c4nderungen seiner Angaben zu.\u00a0<strong>Mehrfachanmeldungen sind nicht zul\u00e4ssig. Die Registrierung ist nicht \u00fcbertragbar.<\/strong><\/p><p>4. Die Zugangsdaten, bestehend aus dem Benutzernamen und dem Passwort, sind geheim zu halten und vor dem Zugriff Dritter zu sch\u00fctzen.<\/p><h3>\u00a7 4 Vertragsabschluss<\/h3><p>1. Der Kunde kann auf der Website eine Bestellung \u00fcber das integrierte Online-Bestellformular aufgeben. Dies erm\u00f6glicht es dem Kunden, sich nach erfolgreicher Registrierung auf der Website f\u00fcr digitale Bildbearbeitungsdienste zu registrieren und die entsprechenden Dateien hochzuladen. Der Kunde versichert, dass er die auf den Server \u00fcbertragenen Dateien mit einem aktuellen Virenscanner \u00fcberpr\u00fcft hat und gibt diese nach dem aktuellen Stand der Technik von Schadsoftware frei. Eine rechtsverbindliche Bestellung erfolgt \u00fcber den Button \u201cBestellung absenden\u201d auf der Seite des Auftraggebers. Dieser Antrag kann nur gestellt und \u00fcbermittelt werden, wenn der Kunde zuvor diese AGB akzeptiert hat.<\/p><p>2. DMT schickt dem Kunden eine E-Mail, in der die Eckdaten der Bestellung des Kunden nochmals aufgef\u00fchrt werden. Durch diese Annahme kommt der Vertrag zustande. Die DMT ist berechtigt, die Bestellung ohne Angabe von Gr\u00fcnden abzulehnen.<\/p><p>3. Nachdem der Auftrag ausgef\u00fchrt wurde, informiert DMT den Kunden per E-Mail dar\u00fcber.<\/p><h3>\u00a7 5 Lieferung und Versand<\/h3><p>1. Die Lieferung der Bestellung unterliegt den auf der Website festgelegten Bestimmungen, sofern keine weiteren Vereinbarungen zwischen dem Kunden und DMT getroffen wurden. Alle Sendungen, einschlie\u00dflich eventueller R\u00fccksendungen, gehen zu Lasten des Kunden. Ausgenommen sind R\u00fccksendungen wegen eines Mangels an der Ware oder Falschlieferungen. Die DMT ist zu Teillieferungen berechtigt.<\/p><p>2. Die von der DMT angegebenen Lieferzeiten oder (in der Regel) Durchlaufzeiten sind, soweit nicht anders vereinbart, unverbindlich und stellen den jeweiligen Stand der Produktionsplanung dar. Fixtermine f\u00fcr die Leistungserbringung sind nur dann verbindlich, wenn DMT sie als Fixtermine, feste Termine oder verbindliche Termine schriftlich im Vertrag best\u00e4tigt hat.<\/p><h3>\u00a7 6 Beanstandungen, M\u00e4ngelhaftung<\/h3><p>1. Ist der Kunde Unternehmer, so hat er vereinbarungsgem\u00e4\u00df in jedem Fall den ausgelieferten oder zur Korrektur \u00fcbersandten Auftrag auf Erst- und Zwischenfertigungsstand zu pr\u00fcfen. Das Risiko eines Fehlers nach der Druck- oder Produktionsfreigabe liegt beim Kunden. Das gleiche gilt f\u00fcr alle sonstigen Freigabeerkl\u00e4rungen des Auftraggebers. Offensichtliche M\u00e4ngel sind innerhalb von 2 Tagen schriftlich zu r\u00fcgen. Versteckte M\u00e4ngel, die nicht sofort entdeckt werden k\u00f6nnen, sind innerhalb von 2 Tagen schriftlich zu r\u00fcgen. Unterl\u00e4sst der Auftraggeber die Anzeige, so gilt die Lieferung mit diesen M\u00e4ngeln als genehmigt.<\/p><p>2. Ist der Kunde Verbraucher, hat er offensichtliche M\u00e4ngel innerhalb von 3 Tagen nach Lieferung zu r\u00fcgen. Bei nicht offensichtlichen M\u00e4ngeln hat der Kunde als Verbraucher diese innerhalb von 3 Tagen nach Entdeckung zu r\u00fcgen.<\/p><p>3. Im Falle mangelhafter Medien leistet die DMT Nachhilfe. Die Nacherf\u00fcllung erfolgt - sofern der Kunde Unternehmer ist - nach dem Ermessen der DMT durch Ersatzlieferung oder Reparatur. Ist der Kunde Verbraucher, ist er berechtigt, zwischen Ersatzlieferung und Nachbesserung zu w\u00e4hlen. Die DMT ist berechtigt, die eine oder andere Art der Nacherf\u00fcllung oder Nachbesserung zu verweigern, wenn diese nur mit unverh\u00e4ltnism\u00e4\u00dfigen Kosten m\u00f6glich ist. Die Rechte des Kunden auf R\u00fccktritt und Minderung bleiben in jedem Fall unber\u00fchrt, dies gilt auch dann, wenn die Nachbesserung fehlgeschlagen ist.<\/p><p>4. Alle der DMT \u00fcbergebenen Unterlagen werden sorgf\u00e4ltig behandelt. Eine Haftung f\u00fcr Besch\u00e4digung oder Verlust erfolgt nur in H\u00f6he des Materialwertes, es sei denn, dass DMT vors\u00e4tzlich oder grob fahrl\u00e4ssig gehandelt hat.<\/p><p>5. Schadensersatzanspr\u00fcche nach Irrtum stehen dem Auftraggeber nur zu, wenn die Haftung nicht nach Ma\u00dfgabe der Ziffer 8 dieser Bedingungen ausgeschlossen oder beschr\u00e4nkt ist. Gew\u00e4hrleistungsanspr\u00fcche des Auftragnehmers verj\u00e4hren, sofern es sich nicht um einen Verbraucher handelt, innerhalb eines Monats nach Ablieferung der Bestellung, es sei denn, der Mangel wurde arglistig verschwiegen oder durch eine Garantie f\u00fcr die Beschaffenheit der Sache abgedeckt.<\/p><h3>\u00a7 7 Urheberrecht, Befreiung von DMT<\/h3><p>1. Der Kunde garantiert, im Besitz aller Urheber-, Leistungsschutz- und Immaterialg\u00fcterrechte an den von der DMT verwendeten Bildern zu sein. Der Kunde versichert, dass er Eigent\u00fcmer aller Bilder ist, die er an die DMT sendet, garantiert auch das uneingeschr\u00e4nkte Eigentum an den Bearbeitungs-, \u00c4nderungs- und Umgestaltungsrechten und stellt sicher, dass die bearbeiteten, ge\u00e4nderten und \/ oder nachbearbeiteten Bilder nicht gegen das Urheberrecht und \/ oder Pers\u00f6nlichkeitsrechte jeglicher Art versto\u00dfen. Der Auftraggeber sichert uns durch die ordnungsgem\u00e4\u00dfe Auftragsabwicklung zu, dass keine Marken-, Gebrauchsmuster-, Geschmacksmuster- oder sonstige Rechte Dritter verletzt werden. Alle etwaigen Verletzungen der vorgenannten Rechte gehen allein zu Lasten des Auftraggebers. Der Auftraggeber versichert mit der Auftragserteilung, dass die Inhalte der \u00fcbermittelten Bilddateien auch in sonstiger Hinsicht nicht gegen strafrechtliche Bestimmungen versto\u00dfen.<\/p><p>2. Wird die DMT von einem Dritten wegen einer Verletzung der vorgenannten Rechte in Anspruch genommen, stellt der Kunde die DMT von allen Anspr\u00fcchen Dritter, einschlie\u00dflich Schadensersatzanspr\u00fcchen, frei. Der Kunde sichert zu, alle Kosten im Zusammenhang mit der Verletzung von Rechten Dritter zu \u00fcbernehmen, einschlie\u00dflich aller angemessenen Kosten der Rechtsverteidigung. Weitergehende Rechte, einschlie\u00dflich Schadensersatzanspr\u00fcche der DMT, bleiben hiervon unber\u00fchrt.<\/p><h3>\u00a7 8 Haftung<\/h3><p>1. Schadensersatzanspr\u00fcche gegen die DMT und ihre Erf\u00fcllungsgehilfen, gleich aus welchem Rechtsgrund, leichte und mittlere Fahrl\u00e4ssigkeit, bestehen nur, wenn eine wesentliche Vertragspflicht verletzt wurde. Eine wesentliche Vertragspflicht besteht darin, dass ein Auftraggeber auf deren Einhaltung und auf die ordnungsgem\u00e4\u00dfe Durchf\u00fchrung des Vertrages \u00fcberhaupt vertrauen durfte. In diesem Fall ist der Schadensersatzanspruch auf die H\u00f6he des markt\u00fcblichen Schadens begrenzt. Eine Haftung f\u00fcr einfache Fahrl\u00e4ssigkeit ist au\u00dfer in den folgenden F\u00e4llen ausgeschlossen.<\/p><p>2. Anspr\u00fcche wegen Personen- und Sachsch\u00e4den nach dem Produkthaftungsgesetz bleiben hiervon unber\u00fchrt. Im \u00dcbrigen gelten im Falle von ausdr\u00fccklichen Garantien durch die DMT und bei Anspr\u00fcchen wegen des Fehlens zugesicherter Eigenschaften die vorgenannten Ausschl\u00fcsse und Beschr\u00e4nkungen nicht.<\/p><h3>\u00a7 9 \u00c4nderung des Titels<\/h3><p>Die DMT beh\u00e4lt sich das Recht vor, diese Bedingungen jederzeit und ohne Angabe von Gr\u00fcnden zu \u00e4ndern. Eine rechtzeitige Benachrichtigung des Auftraggebers \u00fcber \u00c4nderungen der Allgemeinen Gesch\u00e4ftsbedingungen erfolgt durch DMT. Reagiert der Kunde nicht innerhalb von sechs Wochen nach Bekanntgabe der \u00c4nderung der Bedingungen, gelten die ge\u00e4nderten Bedingungen als vom Kunden akzeptiert. Der Widerspruch muss in schriftlicher Form erfolgen. Die DMT wird den Kunden mit der Mitteilung der \u00c4nderung auf seine Rechte und die Bedeutung der Widerspruchsfrist hinweisen.<\/p><h3>\u00a7 10 Schlussbestimmungen<\/h3><p>1. \u00c4nderungen und Erg\u00e4nzungen bed\u00fcrfen der Schriftform, dies gilt auch f\u00fcr die Aufhebung der Schriftformvereinbarung. M\u00fcndliche Vereinbarungen sind nur wirksam, wenn sie schriftlich best\u00e4tigt werden. Auf diese Regelung kann nicht m\u00fcndlich verzichtet werden.<\/p><p>2. Durch die etwaige Unwirksamkeit einer oder mehrerer Bestimmungen wird die G\u00fcltigkeit der \u00fcbrigen Bestimmungen nicht ber\u00fchrt. Im Falle der Unwirksamkeit einzelner Bestimmungen vereinbaren die Parteien, dass an anderer Stelle der Regelung eine andere Bestimmung erfolgt, die dem beabsichtigten Zweck am n\u00e4chsten kommt.3. Es gilt thail\u00e4ndisches Recht unter Ausschluss des \u00dcbereinkommens der Vereinten Nationen \u00fcber Vertr\u00e4ge \u00fcber den internationalen Warenkauf. Gerichtsstand ist, soweit dies vereinbart werden kann, der Hauptsitz der DMT, Bangkok, Thailand.<\/p>\t\t\t\t\t\t\t\t<\/div>\n\t\t\t\t\t<\/div>\n\t\t\t\t<\/div>\n\t\t\t\t<\/div>","protected":false},"excerpt":{"rendered":"<p>Allgemeine Gesch\u00e4ftsbedingungen (AGB) \u00a7 1 Geltungsbereich 1. Die Group D.M.T Co., Ltd., 53 Sivatel Tower, 14th Floor, Wittayu Road, Lumpini-Patumwan, Bangkok 10330, Thailand (im Folgenden Digital Media Technology \u201eDMT\u201c genannt)...<\/p>","protected":false},"author":1,"featured_media":0,"parent":0,"menu_order":0,"comment_status":"closed","ping_status":"closed","template":"elementor_theme","meta":{"footnotes":""},"class_list":["post-41483","page","type-page","status-publish","hentry"],"yoast_head":"<!-- This site is optimized with the Yoast SEO plugin v27.2 - https:\/\/yoast.com\/product\/yoast-seo-wordpress\/ -->\n<title>Terms and Conditions | Digital Media Tech<\/title>\n<meta name=\"description\" content=\"Read the Terms and Conditions of Digital Media Tech. Learn more about our service policies, usage guidelines, and contractual information.\" \/>\n<meta name=\"robots\" content=\"index, follow, max-snippet:-1, max-image-preview:large, max-video-preview:-1\" \/>\n<link rel=\"canonical\" href=\"https:\/\/digital-media-tech.com\/de\/allgemeine-geschaftsbedingungen\/\" \/>\n<meta property=\"og:locale\" content=\"de_DE\" \/>\n<meta property=\"og:type\" content=\"article\" \/>\n<meta property=\"og:title\" content=\"Terms and Conditions | Digital Media Tech\" \/>\n<meta property=\"og:description\" content=\"Read the Terms and Conditions of Digital Media Tech. Learn more about our service policies, usage guidelines, and contractual information.\" \/>\n<meta property=\"og:url\" content=\"https:\/\/digital-media-tech.com\/de\/allgemeine-geschaftsbedingungen\/\" \/>\n<meta property=\"og:site_name\" content=\"Digital Media Tech\" \/>\n<meta property=\"article:modified_time\" content=\"2025-12-11T12:05:24+00:00\" \/>\n<meta name=\"twitter:card\" content=\"summary_large_image\" \/>\n<meta name=\"twitter:label1\" content=\"Gesch\u00e4tzte Lesezeit\" \/>\n\t<meta name=\"twitter:data1\" content=\"7\u00a0Minuten\" \/>\n<script type=\"application\/ld+json\" class=\"yoast-schema-graph\">{\"@context\":\"https:\/\/schema.org\",\"@graph\":[{\"@type\":\"WebPage\",\"@id\":\"https:\/\/digital-media-tech.com\/allgemeine-geschaeftsbedingungen\/\",\"url\":\"https:\/\/digital-media-tech.com\/allgemeine-geschaeftsbedingungen\/\",\"name\":\"Terms and Conditions | Digital Media Tech\",\"isPartOf\":{\"@id\":\"https:\/\/digital-media-tech.com\/#website\"},\"datePublished\":\"2025-11-20T10:07:19+00:00\",\"dateModified\":\"2025-12-11T12:05:24+00:00\",\"description\":\"Read the Terms and Conditions of Digital Media Tech. Learn more about our service policies, usage guidelines, and contractual information.\",\"breadcrumb\":{\"@id\":\"https:\/\/digital-media-tech.com\/allgemeine-geschaeftsbedingungen\/#breadcrumb\"},\"inLanguage\":\"de\",\"potentialAction\":[{\"@type\":\"ReadAction\",\"target\":[\"https:\/\/digital-media-tech.com\/allgemeine-geschaeftsbedingungen\/\"]}]},{\"@type\":\"BreadcrumbList\",\"@id\":\"https:\/\/digital-media-tech.com\/allgemeine-geschaeftsbedingungen\/#breadcrumb\",\"itemListElement\":[{\"@type\":\"ListItem\",\"position\":1,\"name\":\"Startseite\",\"item\":\"https:\/\/digital-media-tech.com\/\"},{\"@type\":\"ListItem\",\"position\":2,\"name\":\"Terms &amp; Conditions\"}]},{\"@type\":\"WebSite\",\"@id\":\"https:\/\/digital-media-tech.com\/#website\",\"url\":\"https:\/\/digital-media-tech.com\/\",\"name\":\"Digital Media Tech\",\"description\":\"Professional Image Editing Services\",\"publisher\":{\"@id\":\"https:\/\/digital-media-tech.com\/#organization\"},\"potentialAction\":[{\"@type\":\"SearchAction\",\"target\":{\"@type\":\"EntryPoint\",\"urlTemplate\":\"https:\/\/digital-media-tech.com\/?s={search_term_string}\"},\"query-input\":{\"@type\":\"PropertyValueSpecification\",\"valueRequired\":true,\"valueName\":\"search_term_string\"}}],\"inLanguage\":\"de\"},{\"@type\":\"Organization\",\"@id\":\"https:\/\/digital-media-tech.com\/#organization\",\"name\":\"Digital Media Tech\",\"url\":\"https:\/\/digital-media-tech.com\/\",\"logo\":{\"@type\":\"ImageObject\",\"inLanguage\":\"de\",\"@id\":\"https:\/\/digital-media-tech.com\/#\/schema\/logo\/image\/\",\"url\":\"https:\/\/digital-media-tech.com\/wp-content\/uploads\/2024\/02\/digitalmediatechnology-logo-01.png\",\"contentUrl\":\"https:\/\/digital-media-tech.com\/wp-content\/uploads\/2024\/02\/digitalmediatechnology-logo-01.png\",\"width\":90,\"height\":64,\"caption\":\"Digital Media Tech\"},\"image\":{\"@id\":\"https:\/\/digital-media-tech.com\/#\/schema\/logo\/image\/\"}}]}<\/script>\n<!-- \/ Yoast SEO plugin. -->","yoast_head_json":{"title":"Allgemeine Gesch\u00e4ftsbedingungen | Digital Media Tech","description":"Lesen Sie die Allgemeinen Gesch\u00e4ftsbedingungen von Digital Media Tech. Erfahren Sie mehr \u00fcber unsere Service-Richtlinien, Nutzungsrichtlinien und Vertragsinformationen.","robots":{"index":"index","follow":"follow","max-snippet":"max-snippet:-1","max-image-preview":"max-image-preview:large","max-video-preview":"max-video-preview:-1"},"canonical":"https:\/\/digital-media-tech.com\/de\/allgemeine-geschaftsbedingungen\/","og_locale":"de_DE","og_type":"article","og_title":"Terms and Conditions | Digital Media Tech","og_description":"Read the Terms and Conditions of Digital Media Tech. Learn more about our service policies, usage guidelines, and contractual information.","og_url":"https:\/\/digital-media-tech.com\/de\/allgemeine-geschaftsbedingungen\/","og_site_name":"Digital Media Tech","article_modified_time":"2025-12-11T12:05:24+00:00","twitter_card":"summary_large_image","twitter_misc":{"Gesch\u00e4tzte Lesezeit":"7\u00a0Minuten"},"schema":{"@context":"https:\/\/schema.org","@graph":[{"@type":"WebPage","@id":"https:\/\/digital-media-tech.com\/allgemeine-geschaeftsbedingungen\/","url":"https:\/\/digital-media-tech.com\/allgemeine-geschaeftsbedingungen\/","name":"Allgemeine Gesch\u00e4ftsbedingungen | Digital Media Tech","isPartOf":{"@id":"https:\/\/digital-media-tech.com\/#website"},"datePublished":"2025-11-20T10:07:19+00:00","dateModified":"2025-12-11T12:05:24+00:00","description":"Lesen Sie die Allgemeinen Gesch\u00e4ftsbedingungen von Digital Media Tech. Erfahren Sie mehr \u00fcber unsere Service-Richtlinien, Nutzungsrichtlinien und Vertragsinformationen.","breadcrumb":{"@id":"https:\/\/digital-media-tech.com\/allgemeine-geschaeftsbedingungen\/#breadcrumb"},"inLanguage":"de","potentialAction":[{"@type":"ReadAction","target":["https:\/\/digital-media-tech.com\/allgemeine-geschaeftsbedingungen\/"]}]},{"@type":"BreadcrumbList","@id":"https:\/\/digital-media-tech.com\/allgemeine-geschaeftsbedingungen\/#breadcrumb","itemListElement":[{"@type":"ListItem","position":1,"name":"Startseite","item":"https:\/\/digital-media-tech.com\/"},{"@type":"ListItem","position":2,"name":"Terms &amp; Conditions"}]},{"@type":"WebSite","@id":"https:\/\/digital-media-tech.com\/#website","url":"https:\/\/digital-media-tech.com\/","name":"Digital Media Tech","description":"Professionelle Bildbearbeitungsdienste","publisher":{"@id":"https:\/\/digital-media-tech.com\/#organization"},"potentialAction":[{"@type":"SearchAction","target":{"@type":"EntryPoint","urlTemplate":"https:\/\/digital-media-tech.com\/?s={search_term_string}"},"query-input":{"@type":"PropertyValueSpecification","valueRequired":true,"valueName":"search_term_string"}}],"inLanguage":"de"},{"@type":"Organization","@id":"https:\/\/digital-media-tech.com\/#organization","name":"Digital Media Tech","url":"https:\/\/digital-media-tech.com\/","logo":{"@type":"ImageObject","inLanguage":"de","@id":"https:\/\/digital-media-tech.com\/#\/schema\/logo\/image\/","url":"https:\/\/digital-media-tech.com\/wp-content\/uploads\/2024\/02\/digitalmediatechnology-logo-01.png","contentUrl":"https:\/\/digital-media-tech.com\/wp-content\/uploads\/2024\/02\/digitalmediatechnology-logo-01.png","width":90,"height":64,"caption":"Digital Media Tech"},"image":{"@id":"https:\/\/digital-media-tech.com\/#\/schema\/logo\/image\/"}}]}},"_links":{"self":[{"href":"https:\/\/digital-media-tech.com\/de\/wp-json\/wp\/v2\/pages\/41483","targetHints":{"allow":["GET"]}}],"collection":[{"href":"https:\/\/digital-media-tech.com\/de\/wp-json\/wp\/v2\/pages"}],"about":[{"href":"https:\/\/digital-media-tech.com\/de\/wp-json\/wp\/v2\/types\/page"}],"author":[{"embeddable":true,"href":"https:\/\/digital-media-tech.com\/de\/wp-json\/wp\/v2\/users\/1"}],"replies":[{"embeddable":true,"href":"https:\/\/digital-media-tech.com\/de\/wp-json\/wp\/v2\/comments?post=41483"}],"version-history":[{"count":12,"href":"https:\/\/digital-media-tech.com\/de\/wp-json\/wp\/v2\/pages\/41483\/revisions"}],"predecessor-version":[{"id":41503,"href":"https:\/\/digital-media-tech.com\/de\/wp-json\/wp\/v2\/pages\/41483\/revisions\/41503"}],"wp:attachment":[{"href":"https:\/\/digital-media-tech.com\/de\/wp-json\/wp\/v2\/media?parent=41483"}],"curies":[{"name":"wp","href":"https:\/\/api.w.org\/{rel}","templated":true}]}}