
{"id":42081,"date":"2026-01-13T22:16:16","date_gmt":"2026-01-13T21:16:16","guid":{"rendered":"https:\/\/we-webdesign.cloud\/digital-media-tech\/?page_id=42081"},"modified":"2026-01-30T12:36:46","modified_gmt":"2026-01-30T11:36:46","slug":"impressum","status":"publish","type":"page","link":"https:\/\/digital-media-tech.com\/de\/imprint\/","title":{"rendered":"Impressum"},"content":{"rendered":"<div data-elementor-type=\"wp-page\" data-elementor-id=\"42081\" class=\"elementor elementor-42081\" data-elementor-post-type=\"page\">\n\t\t\t\t<div class=\"elementor-element elementor-element-3d25802 e-flex e-con-boxed sc_layouts_column_icons_position_left e-con e-parent\" data-id=\"3d25802\" data-element_type=\"container\" data-e-type=\"container\">\n\t\t\t\t\t<div class=\"e-con-inner\">\n\t\t\t\t<div class=\"elementor-element elementor-element-d53320d sc_fly_static elementor-widget elementor-widget-text-editor\" data-id=\"d53320d\" data-element_type=\"widget\" data-e-type=\"widget\" data-widget_type=\"text-editor.default\">\n\t\t\t\t\t\t\t\t\t<h2><strong>Impressum<\/strong><\/h2><h3>Anbieter:<\/h3><p>GROUP D.M.T CO., LTD.<\/p><p>1091\/ 173-174 S.Group Geb\u00e4ude\u00a0<sup>5.\u00a0<\/sup>\u00a0Etage, (Einheit Nr.502)<\/p><p>New Petchburi, Makkasan, Rajthevee,\u00a0<\/p><p>Bangkok, 10400 Thailand<\/p><p><span style=\"letter-spacing: 0.1px;\">Eintrag registrieren: 0105551021849<\/span><\/p><div><p>Registergericht: Abteilung f\u00fcr Wirtschaftsf\u00f6rderung (DBD)<\/p><p>Bevollm\u00e4chtigte(r) Vertreter: Robert Gschwendtner<\/p><\/div><div><p>Umsatzsteuer-Identifikationsnummer: nachtragen<\/p><\/div><p>Telefon-Nummer: +49(0)711 95338686<\/p><p>E-Mail-Adresse: sales@digital-media-tech.com<\/p><div><h3>Verantwortlich f\u00fcr den journalistisch-redaktionellen Inhalt:<\/h3><p>Robert Gschwendtner<\/p><p>\u00a0<\/p><p>S.Group-Geb\u00e4ude, 4. Stock, Raum 4 1091\/153-154 New Petchburi Road<\/p><p>Makkasan, Rajthevee Bangkok 10400<\/p><p>Thailand<\/p><p>Rufnummer: +49(0)711 95338686<\/p><p>\u00a0<\/p><p>E-Mail-Adresse: sales@digital-media-tech.com<\/p><\/div><p>Im Falle von Abweichungen zwischen der deutschen und der englischen Fassung hat die deutsche Fassung Vorrang.<\/p>\t\t\t\t\t\t\t\t<\/div>\n\t\t\t\t\t<\/div>\n\t\t\t\t<\/div>\n\t\t\t\t<\/div>","protected":false},"excerpt":{"rendered":"<p>Impressum Anbieter: GROUP D.M.T CO., LTD. 1091\/ 173-174 S.Group Building 5th Floor, (Unit no.502) New Petchburi, Makkasan, Rajthevee, Bangkok, 10400 Thailand Registereintrag: 0105551021849 Registergericht: Department of Business Development (DBD) Bevollm\u00e4chtigte(r) Vertreter: Robert Gschwendtner...<\/p>","protected":false},"author":1,"featured_media":0,"parent":0,"menu_order":0,"comment_status":"closed","ping_status":"closed","template":"","meta":{"footnotes":""},"class_list":["post-42081","page","type-page","status-publish","hentry"],"yoast_head":"<!-- This site is optimized with the Yoast SEO plugin v27.2 - https:\/\/yoast.com\/product\/yoast-seo-wordpress\/ -->\n<title>Privacy Policy | Digital Media Tech<\/title>\n<meta name=\"description\" content=\"Read our Privacy Policy for detailed information on data processing, security, and user rights. Learn how we use your data.\" \/>\n<meta name=\"robots\" content=\"index, follow, max-snippet:-1, max-image-preview:large, max-video-preview:-1\" \/>\n<link rel=\"canonical\" href=\"https:\/\/digital-media-tech.com\/de\/impressum\/\" \/>\n<meta property=\"og:locale\" content=\"de_DE\" \/>\n<meta property=\"og:type\" content=\"article\" \/>\n<meta property=\"og:title\" content=\"Privacy Policy | Digital Media Tech\" \/>\n<meta property=\"og:description\" content=\"Read our Privacy Policy for detailed information on data processing, security, and user rights. Learn how we use your data.\" \/>\n<meta property=\"og:url\" content=\"https:\/\/digital-media-tech.com\/de\/impressum\/\" \/>\n<meta property=\"og:site_name\" content=\"Digital Media Tech\" \/>\n<meta property=\"article:modified_time\" content=\"2026-01-30T11:36:46+00:00\" \/>\n<meta name=\"twitter:card\" content=\"summary_large_image\" \/>\n<meta name=\"twitter:label1\" content=\"Gesch\u00e4tzte Lesezeit\" \/>\n\t<meta name=\"twitter:data1\" content=\"1\u00a0Minute\" \/>\n<script type=\"application\/ld+json\" class=\"yoast-schema-graph\">{\"@context\":\"https:\/\/schema.org\",\"@graph\":[{\"@type\":\"WebPage\",\"@id\":\"https:\/\/digital-media-tech.com\/imprint\/\",\"url\":\"https:\/\/digital-media-tech.com\/imprint\/\",\"name\":\"Privacy Policy | Digital Media Tech\",\"isPartOf\":{\"@id\":\"https:\/\/digital-media-tech.com\/#website\"},\"datePublished\":\"2026-01-13T21:16:16+00:00\",\"dateModified\":\"2026-01-30T11:36:46+00:00\",\"description\":\"Read our Privacy Policy for detailed information on data processing, security, and user rights. Learn how we use your data.\",\"breadcrumb\":{\"@id\":\"https:\/\/digital-media-tech.com\/imprint\/#breadcrumb\"},\"inLanguage\":\"de\",\"potentialAction\":[{\"@type\":\"ReadAction\",\"target\":[\"https:\/\/digital-media-tech.com\/imprint\/\"]}]},{\"@type\":\"BreadcrumbList\",\"@id\":\"https:\/\/digital-media-tech.com\/imprint\/#breadcrumb\",\"itemListElement\":[{\"@type\":\"ListItem\",\"position\":1,\"name\":\"Startseite\",\"item\":\"https:\/\/digital-media-tech.com\/\"},{\"@type\":\"ListItem\",\"position\":2,\"name\":\"Imprint\"}]},{\"@type\":\"WebSite\",\"@id\":\"https:\/\/digital-media-tech.com\/#website\",\"url\":\"https:\/\/digital-media-tech.com\/\",\"name\":\"Digital Media Tech\",\"description\":\"Professional Image Editing Services\",\"publisher\":{\"@id\":\"https:\/\/digital-media-tech.com\/#organization\"},\"potentialAction\":[{\"@type\":\"SearchAction\",\"target\":{\"@type\":\"EntryPoint\",\"urlTemplate\":\"https:\/\/digital-media-tech.com\/?s={search_term_string}\"},\"query-input\":{\"@type\":\"PropertyValueSpecification\",\"valueRequired\":true,\"valueName\":\"search_term_string\"}}],\"inLanguage\":\"de\"},{\"@type\":\"Organization\",\"@id\":\"https:\/\/digital-media-tech.com\/#organization\",\"name\":\"Digital Media Tech\",\"url\":\"https:\/\/digital-media-tech.com\/\",\"logo\":{\"@type\":\"ImageObject\",\"inLanguage\":\"de\",\"@id\":\"https:\/\/digital-media-tech.com\/#\/schema\/logo\/image\/\",\"url\":\"https:\/\/digital-media-tech.com\/wp-content\/uploads\/2024\/02\/digitalmediatechnology-logo-01.png\",\"contentUrl\":\"https:\/\/digital-media-tech.com\/wp-content\/uploads\/2024\/02\/digitalmediatechnology-logo-01.png\",\"width\":90,\"height\":64,\"caption\":\"Digital Media Tech\"},\"image\":{\"@id\":\"https:\/\/digital-media-tech.com\/#\/schema\/logo\/image\/\"}}]}<\/script>\n<!-- \/ Yoast SEO plugin. -->","yoast_head_json":{"title":"Datenschutzrichtlinie | Digital Media Tech","description":"In unserer Datenschutzerkl\u00e4rung finden Sie ausf\u00fchrliche Informationen \u00fcber Datenverarbeitung, Sicherheit und Nutzerrechte. Erfahren Sie, wie wir Ihre Daten verwenden.","robots":{"index":"index","follow":"follow","max-snippet":"max-snippet:-1","max-image-preview":"max-image-preview:large","max-video-preview":"max-video-preview:-1"},"canonical":"https:\/\/digital-media-tech.com\/de\/impressum\/","og_locale":"de_DE","og_type":"article","og_title":"Privacy Policy | Digital Media Tech","og_description":"Read our Privacy Policy for detailed information on data processing, security, and user rights. Learn how we use your data.","og_url":"https:\/\/digital-media-tech.com\/de\/impressum\/","og_site_name":"Digital Media Tech","article_modified_time":"2026-01-30T11:36:46+00:00","twitter_card":"summary_large_image","twitter_misc":{"Gesch\u00e4tzte Lesezeit":"1\u00a0Minute"},"schema":{"@context":"https:\/\/schema.org","@graph":[{"@type":"WebPage","@id":"https:\/\/digital-media-tech.com\/imprint\/","url":"https:\/\/digital-media-tech.com\/imprint\/","name":"Datenschutzrichtlinie | Digital Media Tech","isPartOf":{"@id":"https:\/\/digital-media-tech.com\/#website"},"datePublished":"2026-01-13T21:16:16+00:00","dateModified":"2026-01-30T11:36:46+00:00","description":"In unserer Datenschutzerkl\u00e4rung finden Sie ausf\u00fchrliche Informationen \u00fcber Datenverarbeitung, Sicherheit und Nutzerrechte. Erfahren Sie, wie wir Ihre Daten verwenden.","breadcrumb":{"@id":"https:\/\/digital-media-tech.com\/imprint\/#breadcrumb"},"inLanguage":"de","potentialAction":[{"@type":"ReadAction","target":["https:\/\/digital-media-tech.com\/imprint\/"]}]},{"@type":"BreadcrumbList","@id":"https:\/\/digital-media-tech.com\/imprint\/#breadcrumb","itemListElement":[{"@type":"ListItem","position":1,"name":"Startseite","item":"https:\/\/digital-media-tech.com\/"},{"@type":"ListItem","position":2,"name":"Imprint"}]},{"@type":"WebSite","@id":"https:\/\/digital-media-tech.com\/#website","url":"https:\/\/digital-media-tech.com\/","name":"Digital Media Tech","description":"Professionelle Bildbearbeitungsdienste","publisher":{"@id":"https:\/\/digital-media-tech.com\/#organization"},"potentialAction":[{"@type":"SearchAction","target":{"@type":"EntryPoint","urlTemplate":"https:\/\/digital-media-tech.com\/?s={search_term_string}"},"query-input":{"@type":"PropertyValueSpecification","valueRequired":true,"valueName":"search_term_string"}}],"inLanguage":"de"},{"@type":"Organization","@id":"https:\/\/digital-media-tech.com\/#organization","name":"Digital Media Tech","url":"https:\/\/digital-media-tech.com\/","logo":{"@type":"ImageObject","inLanguage":"de","@id":"https:\/\/digital-media-tech.com\/#\/schema\/logo\/image\/","url":"https:\/\/digital-media-tech.com\/wp-content\/uploads\/2024\/02\/digitalmediatechnology-logo-01.png","contentUrl":"https:\/\/digital-media-tech.com\/wp-content\/uploads\/2024\/02\/digitalmediatechnology-logo-01.png","width":90,"height":64,"caption":"Digital Media Tech"},"image":{"@id":"https:\/\/digital-media-tech.com\/#\/schema\/logo\/image\/"}}]}},"_links":{"self":[{"href":"https:\/\/digital-media-tech.com\/de\/wp-json\/wp\/v2\/pages\/42081","targetHints":{"allow":["GET"]}}],"collection":[{"href":"https:\/\/digital-media-tech.com\/de\/wp-json\/wp\/v2\/pages"}],"about":[{"href":"https:\/\/digital-media-tech.com\/de\/wp-json\/wp\/v2\/types\/page"}],"author":[{"embeddable":true,"href":"https:\/\/digital-media-tech.com\/de\/wp-json\/wp\/v2\/users\/1"}],"replies":[{"embeddable":true,"href":"https:\/\/digital-media-tech.com\/de\/wp-json\/wp\/v2\/comments?post=42081"}],"version-history":[{"count":9,"href":"https:\/\/digital-media-tech.com\/de\/wp-json\/wp\/v2\/pages\/42081\/revisions"}],"predecessor-version":[{"id":42401,"href":"https:\/\/digital-media-tech.com\/de\/wp-json\/wp\/v2\/pages\/42081\/revisions\/42401"}],"wp:attachment":[{"href":"https:\/\/digital-media-tech.com\/de\/wp-json\/wp\/v2\/media?parent=42081"}],"curies":[{"name":"wp","href":"https:\/\/api.w.org\/{rel}","templated":true}]}}